{"id":688,"date":"2010-03-28T22:05:47","date_gmt":"2010-03-28T20:05:47","guid":{"rendered":"http:\/\/pfzl.de\/weblog\/?page_id=688"},"modified":"2025-07-30T20:36:23","modified_gmt":"2025-07-30T18:36:23","slug":"bilder","status":"publish","type":"page","link":"https:\/\/pfzl.de\/blog\/?page_id=688","title":{"rendered":"Bilder"},"content":{"rendered":"<p>Damit diese Webseite nicht allzu n\u00fcchtern ist und nur aus lang\u00adwei\u00adligem Flie\u00dftext besteht, listen wir hier mal s\u00e4mtliche Gruppenfotos des PFZLs auf:<\/p>\n<figure class=\"wp-block-image size-large is-resized\"><\/figure>\n<p><img decoding=\"async\" style=\"border: 1px solid #333;\" title=\"Am Berg 2025\" src=\"https:\/\/pfzl.de\/blog\/wp-content\/gruppenfotopfzlamberg2025.jpg\" alt=\"Am Berg 2025\" width=\"450\" \/><\/p>\n<div style=\"text-align: center;\">Am Berg 2025<\/div>\n<hr style=\"border: 0pt none; height: 20px;\" \/>\n<p><img decoding=\"async\" style=\"border: 1px solid #333;\" title=\"H\u00e4uptleswiese 2024\" src=\"https:\/\/pfzl.de\/blog\/wp-content\/gruppenfotopfzlhaeuptleswiese2024.jpg\" alt=\"H\u00e4uptleswiese 2024\" width=\"450\" \/><\/p>\n<div style=\"text-align: center;\">H\u00e4uptleswiese 2024<\/div>\n<hr style=\"border: 0pt none; height: 20px;\" \/>\n<p><img decoding=\"async\" style=\"border: 1px solid #333;\" title=\"B\u00e4renbach 2023\" src=\"https:\/\/pfzl.de\/blog\/wp-content\/gruppenfotopfzlbaerenbach2023.jpg\" alt=\"B\u00e4renbach 2023\" width=\"450\" \/><\/p>\n<div style=\"text-align: center;\">B\u00e4renbach 2023<\/div>\n<hr style=\"border: 0pt none; height: 20px;\" \/>\n<p><img decoding=\"async\" style=\"border: 1px solid #333;\" title=\"B\u00e4renbach 2022\" src=\"https:\/\/pfzl.de\/blog\/wp-content\/gruppenfotopfzlbaerenbach2022.jpg\" alt=\"B\u00e4renbach 2022\" width=\"450\" \/><\/p>\n<div style=\"text-align: center;\">B\u00e4renbach 2022<\/div>\n<hr style=\"border: 0pt none; height: 20px;\" \/>\n<p><img decoding=\"async\" style=\"border: 1px solid #333;\" title=\"Baierbacher Hof 2019\" src=\"https:\/\/pfzl.de\/blog\/wp-content\/gruppenfotopfzlbaierbacherhof2019.jpg\" alt=\"Baierbacher Hof 2019\" width=\"450\" \/><\/p>\n<div style=\"text-align: center;\">Baierbacher Hof 2019<\/div>\n<hr style=\"border: 0pt none; height: 20px;\" \/>\n<p><img decoding=\"async\" style=\"border: 1px solid #333;\" title=\"Lottenhalde 2018\" src=\"https:\/\/pfzl.de\/blog\/wp-content\/gruppenfotopfzllottenhalde2018.jpg\" alt=\"Lottenhalde 2018\" width=\"450\" \/><\/p>\n<div style=\"text-align: center;\">Lottenhalde 2018<\/div>\n<hr style=\"border: 0pt none; height: 20px;\" \/>\n<p><img decoding=\"async\" style=\"border: 1px solid #333;\" title=\"Michelsberg 2017\" src=\"https:\/\/pfzl.de\/blog\/wp-content\/gruppenfotopfzlmichelsberg2017.jpg\" alt=\"Michelsberg 2017\" width=\"450\" \/><\/p>\n<div style=\"text-align: center;\">Michelsberg 2017<\/div>\n<hr style=\"border: 0pt none; height: 20px;\" \/>\n<p><img decoding=\"async\" style=\"border: 1px solid #333;\" title=\"Fuggerweiher 2016\" src=\"https:\/\/pfzl.de\/blog\/wp-content\/gruppenfotopfzlfuggerweiher2016ende.jpg\" alt=\"Fuggerweiher 2016\" width=\"450\" \/><\/p>\n<div style=\"text-align: center;\">Fuggerweiher 2016<\/div>\n<hr style=\"border: 0pt none; height: 20px;\" \/>\n<p><img decoding=\"async\" style=\"border: 1px solid #333;\" title=\"Baierbacher Hof 2015\" src=\"https:\/\/pfzl.de\/blog\/wp-content\/gruppenfotopfzlbaierbacherhof2015.jpg\" alt=\"Baierbacher Hof 2015\" width=\"450\" \/><\/p>\n<div style=\"text-align: center;\">Baierbacher Hof 2015<\/div>\n<hr style=\"border: 0pt none; height: 20px;\" \/>\n<p><img decoding=\"async\" style=\"border: 1px solid #333;\" title=\"Adelm\u00fchle 2014\" src=\"https:\/\/pfzl.de\/blog\/wp-content\/gruppenfotopfzladelmuehle2014.jpg\" alt=\"Adelm\u00fchle 2014\" width=\"450\" \/><\/p>\n<div style=\"text-align: center;\">Adelm\u00fchle 2014<\/div>\n<hr style=\"border: 0pt none; height: 20px;\" \/>\n<p><img decoding=\"async\" style=\"border: 1px solid #333;\" title=\"B\u00e4rental 2013\" src=\"https:\/\/pfzl.de\/blog\/wp-content\/gruppenfotopfzlbaerental2013.jpg\" alt=\"B\u00e4rental 2013\" \/><\/p>\n<div style=\"text-align: center;\">B\u00e4rental 2013<\/div>\n<hr style=\"border: 0pt none; height: 20px;\" \/>\n<p><img decoding=\"async\" style=\"border: 1px solid #333;\" title=\"Michelsberg 2012\" src=\"https:\/\/pfzl.de\/blog\/wp-content\/gruppenfotopfzlmichelsberg2012.jpg\" alt=\"Michelsberg 2012\" \/><\/p>\n<div style=\"text-align: center;\">Michelsberg 2012<\/div>\n<hr style=\"border: 0pt none; height: 20px;\" \/>\n<p><img decoding=\"async\" style=\"border: 1px solid #333;\" title=\"B\u00e4renbach 2011\" src=\"https:\/\/pfzl.de\/blog\/wp-content\/gruppenfotopfzlbaerenbach2011.jpg\" alt=\"B\u00e4renbach 2011\" \/><\/p>\n<div style=\"text-align: center;\">B\u00e4renbach 2011<\/div>\n<hr style=\"border: 0pt none; height: 20px;\" \/>\n<p><img decoding=\"async\" style=\"border: 1px solid #333;\" title=\"Fuggerweiher 2010\" src=\"https:\/\/pfzl.de\/blog\/wp-content\/gruppenfotopfzlfuggerweiher2010.jpg\" alt=\"Fuggerweiher 2010\" \/><\/p>\n<div style=\"text-align: center;\">Fuggerweiher 2010<\/div>\n<hr style=\"border: 0pt none; height: 15px;\" \/>\n<p><img decoding=\"async\" style=\"border: 1px solid #333;\" title=\"Fuggerweiher 2009\" src=\"https:\/\/pfzl.de\/blog\/wp-content\/gruppenfotoepfzlfuggerweiher2009.jpg\" alt=\"Fuggerweiher 2009\" \/><\/p>\n<div style=\"text-align: center;\">E-PfZl &#8222;Fuggerweiher&#8220; 2009<\/div>\n<hr style=\"border: 0pt none; height: 15px;\" \/>\n<p><img decoding=\"async\" style=\"border: 1px solid #333;\" title=\"Michelsberg 2009\" src=\"https:\/\/pfzl.de\/blog\/wp-content\/gruppenfotopfzlmichelsberg2009.jpg\" alt=\"Michelsberg 2009\" \/><\/p>\n<div style=\"text-align: center;\">Michelsberg 2009<\/div>\n<hr style=\"border: 0pt none; height: 15px;\" \/>\n<p><img decoding=\"async\" style=\"border: 1px solid #333;\" title=\"Baierbacher Hof 2008\" src=\"https:\/\/pfzl.de\/blog\/wp-content\/gruppenfotopfzlbaierbacherhof2008.jpg\" alt=\"Baierbacher Hof 2008\" \/><\/p>\n<div style=\"text-align: center;\">Baierbacher Hof 2008<\/div>\n<hr style=\"border: 0pt none; height: 15px;\" \/>\n<p><img decoding=\"async\" style=\"border: 1px solid #333;\" title=\"Adelm\u00fchle 2007\" src=\"https:\/\/pfzl.de\/blog\/wp-content\/gruppenfotopfzladelmuehle2007.jpg\" alt=\"Adelm\u00fchle 2007\" \/><\/p>\n<div style=\"text-align: center;\">Adelm\u00fchle 2007<\/div>\n<hr style=\"border: 0pt none; height: 15px;\" \/>\n<p><img decoding=\"async\" style=\"border: 1px solid #333;\" title=\"Fuggerweiher 2006\" src=\"https:\/\/pfzl.de\/blog\/wp-content\/gruppenfotoepfzlfuggerweiher2006.jpg\" alt=\"Fuggerweiher 2006\" \/><\/p>\n<div style=\"text-align: center;\">E-PfZl &#8222;Fuggerweiher&#8220; 2006<\/div>\n<hr style=\"border: 0pt none; height: 15px;\" \/>\n<p><img decoding=\"async\" style=\"border: 1px solid #333;\" title=\"Karlsbrunnen 2006\" src=\"https:\/\/pfzl.de\/weblog\/wp-content\/gruppenfotopfzlkarlsbrunnen2006.jpg\" alt=\"Karlsbrunnen 2006\" \/><\/p>\n<div style=\"text-align: center;\">Karlsbrunnen 2006<\/div>\n<hr style=\"border: 0pt none; height: 15px;\" \/>\n<p><img decoding=\"async\" style=\"border: 1px solid #333;\" title=\"H\u00e4uptleswiese 2005\" src=\"https:\/\/pfzl.de\/blog\/wp-content\/grupflotopfzlhaeuptleswiese2005.jpg\" alt=\"H\u00e4uptleswiese 2005\" \/><\/p>\n<div style=\"text-align: center;\">H\u00e4uptleswiese 2005<\/div>\n<hr style=\"border: 0pt none; height: 15px;\" \/>\n<p><img decoding=\"async\" style=\"border: 1px solid #333;\" title=\"Am Berg 2004\" src=\"https:\/\/pfzl.de\/blog\/wp-content\/grupflotopfzlamberg2004.jpg\" alt=\"Am Berg 2004\" \/><\/p>\n<div style=\"text-align: center;\">Am Berg 2004<\/div>\n<hr style=\"border: 0pt none; height: 15px;\" \/>\n<p><img decoding=\"async\" style=\"border: 1px solid #333;\" title=\"Baierbacher Hof 2003\" src=\"https:\/\/pfzl.de\/blog\/wp-content\/grupflotopfzlbaihof2003.jpg\" alt=\"Baierbacher Hof 2003\" \/><\/p>\n<div style=\"text-align: center;\">Baierbacher Hof 2003<\/div>\n<hr style=\"border: 0pt none; height: 15px;\" \/>\n<p><img decoding=\"async\" style=\"border: 1px solid #333;\" title=\"Am Karlshof 2002\" src=\"https:\/\/pfzl.de\/blog\/wp-content\/grupflotopfzlkarlshof2002.jpg\" alt=\"Am Karlshof 2002\" \/><\/p>\n<div style=\"text-align: center;\">Am Karlshof 2002<\/div>\n<hr style=\"border: 0pt none; height: 15px;\" \/>\n<p><img decoding=\"async\" style=\"border: 1px solid #333;\" title=\"Stockens\u00e4gm\u00fchle 2001\" src=\"https:\/\/pfzl.de\/blog\/wp-content\/grupflotopfzlstockensaegm2001.jpg\" alt=\"Stockens\u00e4gm\u00fchle 2001\" \/><\/p>\n<div style=\"text-align: center;\">Stockens\u00e4gm\u00fchle 2001<\/div>\n<hr style=\"border: 0pt none; height: 15px;\" \/>\n<p><img decoding=\"async\" style=\"border: 1px solid #333;\" title=\"B\u00e4rental 2000\" src=\"https:\/\/pfzl.de\/blog\/wp-content\/grupflotopfzlbaerental2000.jpg\" alt=\"B\u00e4rental 2000\" \/><\/p>\n<div style=\"text-align: center;\">B\u00e4rental 2000<\/div>\n<hr style=\"border: 0pt none; height: 15px;\" \/>\n<p><img decoding=\"async\" style=\"border: 1px solid #333;\" title=\"Adelm\u00fchle 1999\" src=\"https:\/\/pfzl.de\/blog\/wp-content\/grupflotopfzladelmuehle1999.jpg\" alt=\"Adelm\u00fchle 1999\" \/><\/p>\n<div style=\"text-align: center;\">Adelm\u00fchle 1999<\/div>\n<hr style=\"border: 0pt none; height: 15px;\" \/>\n<p><img decoding=\"async\" style=\"border: 1px solid #333;\" title=\"Am Karlshof 1997\" src=\"https:\/\/pfzl.de\/blog\/wp-content\/grupflotopfzlkarlshof1997.jpg\" alt=\"Am Karlshof 1997\" \/><\/p>\n<div style=\"text-align: center;\">Am Karlshof 1997<\/div>\n<hr style=\"border: 0pt none; height: 15px;\" \/>\n<p><img decoding=\"async\" style=\"border: 1px solid #333;\" title=\"Michelsberg 1996\" src=\"https:\/\/pfzl.de\/blog\/wp-content\/grupflotopfzlmichelsberg1996.jpg\" alt=\"Michelsberg 1996\" \/><\/p>\n<div style=\"text-align: center;\">Michelsberg 1996<\/div>\n<hr style=\"border: 0pt none; height: 15px;\" \/>\n<p><img decoding=\"async\" style=\"border: 1px solid #333;\" title=\"Adelm\u00fchle 1995\" src=\"https:\/\/pfzl.de\/blog\/wp-content\/grupflotopfzladelmuehle1995.jpg\" alt=\"Adelm\u00fchle 1995\" \/><\/p>\n<div style=\"text-align: center;\">Adelm\u00fchle 1995<\/div>\n<hr style=\"border: 0pt none; height: 15px;\" \/>\n<p><img decoding=\"async\" style=\"border: 1px solid #333;\" title=\"B\u00e4rental 1994\" src=\"https:\/\/pfzl.de\/blog\/wp-content\/grupflotopfzlbaerental1994.jpg\" alt=\"B\u00e4rental 1994\" \/><\/p>\n<div style=\"text-align: center;\">B\u00e4rental 1994<\/div>\n<hr style=\"border: 0pt none; height: 15px;\" \/>\n<p><img decoding=\"async\" style=\"border: 1px solid #333;\" title=\"Am Berg 1993\" src=\"https:\/\/pfzl.de\/blog\/wp-content\/grupflotopfzlamberg1993.jpg\" alt=\"Am Berg 1993\" \/><\/p>\n<div style=\"text-align: center;\">Am Berg 1993<\/div>\n<hr style=\"border: 0pt none; height: 15px;\" \/>\n<p><img decoding=\"async\" style=\"border: 1px solid #333;\" title=\"Holzweiher 1992\" src=\"https:\/\/pfzl.de\/blog\/wp-content\/grupflotopfzlholzweiher1992.jpg\" alt=\"Holzweiher 1992\" \/><\/p>\n<div style=\"text-align: center;\">Holzweiher 1992<\/div>\n<hr style=\"border: 0pt none; height: 15px;\" \/>\n<p><img decoding=\"async\" style=\"border: 1px solid #333;\" title=\"Niedersonthofener See 1991\" src=\"https:\/\/pfzl.de\/blog\/wp-content\/grupflotopfzlniedersonthofenersee1991.jpg\" alt=\"Niedersonthofener See 1991\" \/><\/p>\n<div style=\"text-align: center;\">Niedersonthofener See 1991<\/div>\n<p style=\"text-align: right;\"><a href=\"#\" class=\"top\" style=\"color: gray; text-decoration: none;\"><i class=\"fa fa-hand-o-up\" aria-hidden=\"true\"><\/i> nach oben<\/a><\/p>\n","protected":false},"excerpt":{"rendered":"<p>Damit diese Webseite nicht allzu n\u00fcchtern ist und nur aus lang\u00adwei\u00adligem Flie\u00dftext besteht, listen wir hier mal s\u00e4mtliche Gruppenfotos des PFZLs auf: Am Berg 2025 H\u00e4uptleswiese 2024 B\u00e4renbach 2023 B\u00e4renbach 2022 Baierbacher Hof 2019 Lottenhalde 2018 Michelsberg 2017 Fuggerweiher 2016 Baierbacher Hof 2015 Adelm\u00fchle 2014 B\u00e4rental 2013 Michelsberg 2012 B\u00e4renbach 2011 Fuggerweiher 2010 E-PfZl &#8222;Fuggerweiher&#8220; [&hellip;]<\/p>\n","protected":false},"author":9,"featured_media":0,"parent":0,"menu_order":4,"comment_status":"closed","ping_status":"closed","template":"","meta":{"footnotes":""},"class_list":["post-688","page","type-page","status-publish","hentry"],"jetpack_shortlink":"https:\/\/wp.me\/P8qkQQ-b6","jetpack_sharing_enabled":true,"_links":{"self":[{"href":"https:\/\/pfzl.de\/blog\/index.php?rest_route=\/wp\/v2\/pages\/688","targetHints":{"allow":["GET"]}}],"collection":[{"href":"https:\/\/pfzl.de\/blog\/index.php?rest_route=\/wp\/v2\/pages"}],"about":[{"href":"https:\/\/pfzl.de\/blog\/index.php?rest_route=\/wp\/v2\/types\/page"}],"author":[{"embeddable":true,"href":"https:\/\/pfzl.de\/blog\/index.php?rest_route=\/wp\/v2\/users\/9"}],"replies":[{"embeddable":true,"href":"https:\/\/pfzl.de\/blog\/index.php?rest_route=%2Fwp%2Fv2%2Fcomments&post=688"}],"version-history":[{"count":103,"href":"https:\/\/pfzl.de\/blog\/index.php?rest_route=\/wp\/v2\/pages\/688\/revisions"}],"predecessor-version":[{"id":4074,"href":"https:\/\/pfzl.de\/blog\/index.php?rest_route=\/wp\/v2\/pages\/688\/revisions\/4074"}],"wp:attachment":[{"href":"https:\/\/pfzl.de\/blog\/index.php?rest_route=%2Fwp%2Fv2%2Fmedia&parent=688"}],"curies":[{"name":"wp","href":"https:\/\/api.w.org\/{rel}","templated":true}]}}