{"id":3758,"date":"2022-05-22T16:41:21","date_gmt":"2022-05-22T14:41:21","guid":{"rendered":"https:\/\/pfzl.de\/blog\/?page_id=3758"},"modified":"2023-08-03T09:06:40","modified_gmt":"2023-08-03T07:06:40","slug":"sponsoren","status":"publish","type":"page","link":"https:\/\/pfzl.de\/blog\/?page_id=3758","title":{"rendered":"Sponsoren"},"content":{"rendered":"<p>Das Pfingst&shy;zelt&shy;la&shy;ger hat in jedem Jahr nur die finanziellen Mittel zur Verf\u00fcgung, welche durch die Teilnehmerbeitr\u00e4ge zusammen kommen. Damit m\u00fcssen s\u00e4mtliche anfallende Kosten gedeckt werden. Zwar besteht im Nachhinein die M\u00f6glichkeit, etwaige Zusch\u00fcsse zu beantragen, allerdings ist im Vorfeld ungewiss, ob bzw. in welcher H\u00f6he diese gew\u00e4hrt werden. Da wir den Teilnehmerbeitrag so gering wie m\u00f6glich anbieten m\u00f6chten, sind wir seit Jahren auf die Unterst\u00fctzung von Sponsoren angewiesen. Nur so ist es m\u00f6glich, ein qualitativ hochwertiges und dabei erschwingliches Zeltlager anbieten zu k\u00f6nnen.<\/p>\n<p>Diesen Platz m\u00f6chten wir allen Sponsoren widmen, die uns Jahr f\u00fcr Jahr mit Sachspenden unterst\u00fctzen und somit das Pfingst&shy;zelt&shy;la&shy;ger \u00fcberhaupt erst erm\u00f6glichen. \u2014 Vielen herzlichen Dank daf\u00fcr! \u2764\ufe0f<\/p>\n<p><!--\n\n\n<div style=\"text-align: center; margin: 2em auto;\"><img decoding=\"async\" title=\"Settele\" src=\"https:\/\/pfzl.de\/blog\/wp-content\/sponsoren\/Settele.jpg\" alt=\"Settele\" width=\"300\"><\/div>\n\n\n--><\/p>\n<p><!--\n\n\n\n<hr style=\"border: 0pt none;\">\n\n\n\n<div style=\"text-align: center; margin: 2em auto;\"><img decoding=\"async\" title=\"Marktkauf\" src=\"https:\/\/pfzl.de\/blog\/wp-content\/sponsoren\/Marktkauf.jpg\" alt=\"Marktkauf\" width=\"300\"><\/div>\n\n\n--><\/p>\n<hr style=\"border: 0pt none;\">\n<div style=\"text-align: center; margin: 2em auto;\"><img decoding=\"async\" title=\"Metzgerei Vorwalder\" src=\"https:\/\/pfzl.de\/blog\/wp-content\/sponsoren\/MetzgereiVorwalder.jpeg\" alt=\"Metzgerei Vorwalder\" width=\"300\"><\/div>\n<hr style=\"border: 0pt none;\">\n<div style=\"text-align: center; margin: 2em auto;\"><img decoding=\"async\" title=\"B\u00e4ckerei Brenner\" src=\"https:\/\/pfzl.de\/blog\/wp-content\/sponsoren\/Brenner.png\" alt=\"Brenner\" width=\"300\"><\/div>\n<hr style=\"border: 0pt none;\">\n<div style=\"text-align: center; margin: 2em auto;\"><img decoding=\"async\" title=\"Schapfenm\u00fchle\" src=\"https:\/\/pfzl.de\/blog\/wp-content\/sponsoren\/Schapfenmuehle.jpg\" alt=\"Schapfenmuehle\" width=\"300\"><\/div>\n<hr style=\"border: 0pt none;\">\n<div style=\"text-align: center; margin: 2em auto;\"><img decoding=\"async\" title=\"Landk\u00e4serei Herzog\" src=\"https:\/\/pfzl.de\/blog\/wp-content\/sponsoren\/Herzog.jpg\" alt=\"Herzog\" width=\"300\"><\/div>\n<hr style=\"border: 0pt none;\">\n<div style=\"text-align: center; margin: 2em auto;\"><img decoding=\"async\" title=\"Safrans\u00f6lde Stra\u00df\" src=\"https:\/\/pfzl.de\/blog\/wp-content\/sponsoren\/Safransoelde.jpg\" alt=\"Safransoelde\" width=\"300\"><\/div>\n<hr style=\"border: 0pt none;\">\n","protected":false},"excerpt":{"rendered":"<p>Herzlichen Dank an unsere Sponsoren! \u2764\ufe0f Ohne diese w\u00e4re das Pfingstzeltlager in dieser Form nicht m\u00f6glich!<\/p>\n","protected":false},"author":9,"featured_media":0,"parent":0,"menu_order":6,"comment_status":"closed","ping_status":"closed","template":"","meta":{"footnotes":""},"class_list":["post-3758","page","type-page","status-publish","hentry"],"jetpack_shortlink":"https:\/\/wp.me\/P8qkQQ-YC","jetpack_sharing_enabled":true,"_links":{"self":[{"href":"https:\/\/pfzl.de\/blog\/index.php?rest_route=\/wp\/v2\/pages\/3758","targetHints":{"allow":["GET"]}}],"collection":[{"href":"https:\/\/pfzl.de\/blog\/index.php?rest_route=\/wp\/v2\/pages"}],"about":[{"href":"https:\/\/pfzl.de\/blog\/index.php?rest_route=\/wp\/v2\/types\/page"}],"author":[{"embeddable":true,"href":"https:\/\/pfzl.de\/blog\/index.php?rest_route=\/wp\/v2\/users\/9"}],"replies":[{"embeddable":true,"href":"https:\/\/pfzl.de\/blog\/index.php?rest_route=%2Fwp%2Fv2%2Fcomments&post=3758"}],"version-history":[{"count":38,"href":"https:\/\/pfzl.de\/blog\/index.php?rest_route=\/wp\/v2\/pages\/3758\/revisions"}],"predecessor-version":[{"id":3916,"href":"https:\/\/pfzl.de\/blog\/index.php?rest_route=\/wp\/v2\/pages\/3758\/revisions\/3916"}],"wp:attachment":[{"href":"https:\/\/pfzl.de\/blog\/index.php?rest_route=%2Fwp%2Fv2%2Fmedia&parent=3758"}],"curies":[{"name":"wp","href":"https:\/\/api.w.org\/{rel}","templated":true}]}}