{"id":3620,"date":"2021-05-12T19:21:45","date_gmt":"2021-05-12T17:21:45","guid":{"rendered":"https:\/\/pfzl.de\/blog\/?page_id=3620"},"modified":"2021-05-12T19:21:45","modified_gmt":"2021-05-12T17:21:45","slug":"ueberfallregeln","status":"publish","type":"page","link":"https:\/\/pfzl.de\/blog\/?page_id=3620","title":{"rendered":"\u00dcberfallregeln"},"content":{"rendered":"<p>Da nicht jedem die hohe Kunst des &#8222;\u00dcberfalls&#8220; in die Wiege gelegt wurde, haben wir hier einen kleinen \u00dcberblick zusammengestellt, um sicherzustellen, dass es ein spa\u00dfiges Abenteuer f\u00fcr beide Seiten wird.<\/p>\n<h3>Was ist ein \u00dcberfall?<\/h3>\n<p>Ein \u00dcberfall ist mit einem unerwarteten Nachtspiel zu vergleichen, bei dem der Spa\u00df f\u00fcr die Kinder im Vordergrund steht. Ziel dieses Spiels ist es, dem Zeltlager etwas zu entwenden (normalerweise die &#8222;Fahne&#8220;), was sp\u00e4ter entsprechend eingel\u00f6st wird.<\/p>\n<h3>Wir erwarten, dass\u2026<\/h3>\n<ul>\n<li>ein \u00dcberfall vorher mit der <a href=\"http:\/\/pfzl.de\/blog\/?page_id=109#leitung\">Leitung<\/a> abgesprochen wird, damit keine Fragen offen bleiben.<\/li>\n<li>keine Kinder mitgenommen werden.<\/li>\n<li>keine privaten Gegenst\u00e4nde entwendet werden.<\/li>\n<li>unser Material nicht besch\u00e4digt wird.<\/li>\n<li>\u00dcberf\u00e4ller nicht alkoholisiert sind.<\/li>\n<li>ihr euch bewusst seid, dass wir keinerlei Haftung f\u00fcr euch \u00fcber\u00adnehmen.<\/li>\n<li>ihr euch der k\u00f6rperlichen Unterlegenheit der Kinder bewusst seid und wann ihr gefangen wurdet.<\/li>\n<\/ul>\n","protected":false},"excerpt":{"rendered":"<p>\u00dcberfallregeln<\/p>\n","protected":false},"author":17,"featured_media":0,"parent":109,"menu_order":4,"comment_status":"closed","ping_status":"closed","template":"","meta":{"footnotes":""},"class_list":["post-3620","page","type-page","status-publish","hentry"],"jetpack_shortlink":"https:\/\/wp.me\/P8qkQQ-Wo","jetpack_sharing_enabled":true,"_links":{"self":[{"href":"https:\/\/pfzl.de\/blog\/index.php?rest_route=\/wp\/v2\/pages\/3620","targetHints":{"allow":["GET"]}}],"collection":[{"href":"https:\/\/pfzl.de\/blog\/index.php?rest_route=\/wp\/v2\/pages"}],"about":[{"href":"https:\/\/pfzl.de\/blog\/index.php?rest_route=\/wp\/v2\/types\/page"}],"author":[{"embeddable":true,"href":"https:\/\/pfzl.de\/blog\/index.php?rest_route=\/wp\/v2\/users\/17"}],"replies":[{"embeddable":true,"href":"https:\/\/pfzl.de\/blog\/index.php?rest_route=%2Fwp%2Fv2%2Fcomments&post=3620"}],"version-history":[{"count":1,"href":"https:\/\/pfzl.de\/blog\/index.php?rest_route=\/wp\/v2\/pages\/3620\/revisions"}],"predecessor-version":[{"id":3621,"href":"https:\/\/pfzl.de\/blog\/index.php?rest_route=\/wp\/v2\/pages\/3620\/revisions\/3621"}],"up":[{"embeddable":true,"href":"https:\/\/pfzl.de\/blog\/index.php?rest_route=\/wp\/v2\/pages\/109"}],"wp:attachment":[{"href":"https:\/\/pfzl.de\/blog\/index.php?rest_route=%2Fwp%2Fv2%2Fmedia&parent=3620"}],"curies":[{"name":"wp","href":"https:\/\/api.w.org\/{rel}","templated":true}]}}