{"id":3177,"date":"2018-11-01T21:25:39","date_gmt":"2018-11-01T20:25:39","guid":{"rendered":"http:\/\/pfzl.de\/blog\/?page_id=3177"},"modified":"2024-05-14T22:12:34","modified_gmt":"2024-05-14T20:12:34","slug":"notfall","status":"publish","type":"page","link":"https:\/\/pfzl.de\/blog\/?page_id=3177","title":{"rendered":"Notfall"},"content":{"rendered":"<p>Falls Sie uns w\u00e4hrend des Zeltlagers aufgrund eines <em>dringenden<\/em> Not\u00adfalls er\u00adrei\u00adchen m\u00fcssen, k\u00f6nnen Sie dazu die folgende neue Num\u00admer ver\u00adwenden:<\/p>\n<div class=\"box-red\" style=\"text-align: center; background-color: rgba(255, 0, 0, 0.3);\"><a href=\"tel:+491752872817\" style=\"color: #333\">0175 2872817<\/a><\/div>\n<p><!--\n\n\n<div class=\"box-red\" style=\"text-align: center\">Notfallnummer\n<a href=\"tel:+49123456789\" style=\"color: #333\">+49123456789<\/a><\/div>\n\n\n--><br \/>\n<i class=\"fab fa-whatsapp fa-fw fa-lg fa-border fa-pull-left\" style=\"border: 0px; color: rgb(57,141,126);\"><\/i> F\u00fcr weniger dringliche Anliegen sind wir ab diesem Jahr erstmalig auch via WhatsApp erreichbar!<\/p>\n","protected":false},"excerpt":{"rendered":"<p>In dringenden F\u00e4llen k\u00f6nnen Sie uns w\u00e4hrend des Zeltlagers unter dieser Nummer erreichen.<\/p>\n","protected":false},"author":9,"featured_media":0,"parent":111,"menu_order":0,"comment_status":"closed","ping_status":"closed","template":"","meta":{"footnotes":""},"class_list":["post-3177","page","type-page","status-publish","hentry"],"jetpack_shortlink":"https:\/\/wp.me\/P8qkQQ-Pf","jetpack_sharing_enabled":true,"_links":{"self":[{"href":"https:\/\/pfzl.de\/blog\/index.php?rest_route=\/wp\/v2\/pages\/3177","targetHints":{"allow":["GET"]}}],"collection":[{"href":"https:\/\/pfzl.de\/blog\/index.php?rest_route=\/wp\/v2\/pages"}],"about":[{"href":"https:\/\/pfzl.de\/blog\/index.php?rest_route=\/wp\/v2\/types\/page"}],"author":[{"embeddable":true,"href":"https:\/\/pfzl.de\/blog\/index.php?rest_route=\/wp\/v2\/users\/9"}],"replies":[{"embeddable":true,"href":"https:\/\/pfzl.de\/blog\/index.php?rest_route=%2Fwp%2Fv2%2Fcomments&post=3177"}],"version-history":[{"count":14,"href":"https:\/\/pfzl.de\/blog\/index.php?rest_route=\/wp\/v2\/pages\/3177\/revisions"}],"predecessor-version":[{"id":3962,"href":"https:\/\/pfzl.de\/blog\/index.php?rest_route=\/wp\/v2\/pages\/3177\/revisions\/3962"}],"up":[{"embeddable":true,"href":"https:\/\/pfzl.de\/blog\/index.php?rest_route=\/wp\/v2\/pages\/111"}],"wp:attachment":[{"href":"https:\/\/pfzl.de\/blog\/index.php?rest_route=%2Fwp%2Fv2%2Fmedia&parent=3177"}],"curies":[{"name":"wp","href":"https:\/\/api.w.org\/{rel}","templated":true}]}}