{"id":3090,"date":"2018-10-24T18:27:26","date_gmt":"2018-10-24T16:27:26","guid":{"rendered":"http:\/\/pfzl.de\/blog\/?page_id=3090"},"modified":"2026-02-26T19:42:51","modified_gmt":"2026-02-26T18:42:51","slug":"anmeldung","status":"publish","type":"page","link":"https:\/\/pfzl.de\/blog\/?page_id=3090","title":{"rendered":"Anmeldung"},"content":{"rendered":"<p><!-- Die Anmeldung f\u00fcr das PFZL 2026 ist derzeit noch nicht verf\u00fcgbar. --><\/p>\n<p>Die Anmeldung erfolgt schriftlich per Post oder per E-Mail an unseren Tr\u00e4ger, die katholische Jugendstelle Wei\u00dfenhorn.<\/p>\n<p>Wenn ihr eine E-Mail schicken m\u00f6chtet, scannt das ausgef\u00fcllte Anmeldeformular ein und packt diese Datei in den Anhang. Ihr k\u00f6nnt sie dann einfach mit dem Betreff &#8222;Anmeldung PFZL 2026&#8220; an <a href=\"mailto:jugendstelle-weissenhorn@bistum-augsburg.de\">jugendstelle-weissenhorn@bistum-augsburg.de<\/a> senden.<\/p>\n<p>Hier gibt&#8217;s das aktuelle Anmeldeformular zum herunterladen.<\/p>\n<p><a class=\"download-btn\" title=\"Anmeldung herunterladen\" href=\"https:\/\/pfzl.de\/downloads\/anmeldung.pdf\" target=\"_blank\" rel=\"noopener noreferrer\"><i class=\"fa fa-download\"><\/i>\u00a0\u00a0Anmeldung<\/a><\/p>\n<p><small><i class=\"fa fa-lightbulb-o\" aria-hidden=\"true\"><\/i> <strong style=\"font-variant: small-caps;\">Tipp:<\/strong> Das Formular l\u00e4sst sich auch bequem am PC ausf\u00fcllen. Nutzen Sie dazu aller\u00addings bitte den <a href=\"https:\/\/get.adobe.com\/de\/reader\/\" target=\"_blank\" rel=\"noopener noreferrer\"><strong>Acrobat Reader<\/strong><\/a>, da ansonsten keine voll\u00adst\u00e4ndige Funktionalit\u00e4t (<a href=\"https:\/\/www.adobe.com\/devnet\/acrobat\/javascript.html\" target=\"_blank\" rel=\"noopener noreferrer\">ein\u00adge\u00adbet\u00adtetes Java\u00adScript<\/a>) garantiert werden kann.<\/small><\/p>\n","protected":false},"excerpt":{"rendered":"<p>Die Anmeldung f\u00fcr das Pfingst\u00adzelt\u00adlager (20. \u2013 26. Mai 2024) ist nun online.<\/p>\n","protected":false},"author":9,"featured_media":0,"parent":109,"menu_order":0,"comment_status":"closed","ping_status":"closed","template":"","meta":{"footnotes":""},"class_list":["post-3090","page","type-page","status-publish","hentry"],"jetpack_shortlink":"https:\/\/wp.me\/P8qkQQ-NQ","jetpack_sharing_enabled":true,"_links":{"self":[{"href":"https:\/\/pfzl.de\/blog\/index.php?rest_route=\/wp\/v2\/pages\/3090","targetHints":{"allow":["GET"]}}],"collection":[{"href":"https:\/\/pfzl.de\/blog\/index.php?rest_route=\/wp\/v2\/pages"}],"about":[{"href":"https:\/\/pfzl.de\/blog\/index.php?rest_route=\/wp\/v2\/types\/page"}],"author":[{"embeddable":true,"href":"https:\/\/pfzl.de\/blog\/index.php?rest_route=\/wp\/v2\/users\/9"}],"replies":[{"embeddable":true,"href":"https:\/\/pfzl.de\/blog\/index.php?rest_route=%2Fwp%2Fv2%2Fcomments&post=3090"}],"version-history":[{"count":28,"href":"https:\/\/pfzl.de\/blog\/index.php?rest_route=\/wp\/v2\/pages\/3090\/revisions"}],"predecessor-version":[{"id":4117,"href":"https:\/\/pfzl.de\/blog\/index.php?rest_route=\/wp\/v2\/pages\/3090\/revisions\/4117"}],"up":[{"embeddable":true,"href":"https:\/\/pfzl.de\/blog\/index.php?rest_route=\/wp\/v2\/pages\/109"}],"wp:attachment":[{"href":"https:\/\/pfzl.de\/blog\/index.php?rest_route=%2Fwp%2Fv2%2Fmedia&parent=3090"}],"curies":[{"name":"wp","href":"https:\/\/api.w.org\/{rel}","templated":true}]}}