{"id":2620,"date":"2017-02-12T12:38:25","date_gmt":"2017-02-12T11:38:25","guid":{"rendered":"http:\/\/pfzl.de\/weblog\/?page_id=2620"},"modified":"2018-10-24T18:45:50","modified_gmt":"2018-10-24T16:45:50","slug":"historie","status":"publish","type":"page","link":"https:\/\/pfzl.de\/blog\/?page_id=2620","title":{"rendered":"Historie"},"content":{"rendered":"<p>Die Urspr\u00fcnge unseres Pfingstzeltlagers liegen jetzt schon ein ganzes St\u00fcck weit zur\u00fcck, n\u00e4mlich bereits im letzten Jahrtausend. Und seither hat sich auch einiges getan! Wer h\u00e4tte denn damals gedacht, dass aus einer kleinen Gruppe, die gemeinsam Zelten ging, ein Zeltlager mit zwischenzeitlich \u00fcber 100 Teilnehmern werden sollte? \u2014 Aber alles der Reihe nach.<\/p>\n<p>Im Jahr 1978 bot der evangelische Religionslehrer Hr. Klaus Sammet zusammen mit einigen seiner Sch\u00fcler ein Zeltlager im Rahmen der evangelischen Jugend Wei\u00dfenhorn f\u00fcr Kinder an, die w\u00e4hrend den Pfingstferien nicht wegfahren konnten. Damals fuhren etwa 30 Kinder gemeinsam mit dem Fahrrad nach Illertissen an den &#8222;Bruckhof&#8220;, um dort eine Woche zusammen zu zelten und jede Menge Spa\u00df zu haben. Nach einigen Jahren wurde die Organisation dann komplett von seinen Sch\u00fclern \u00fcbernommen.<\/p>\n<p>Als 1992 die KJG Wullenstetten und sp\u00e4ter auch die KJG Witzighausen mit dem evangelischen Jugendwerk kooperierte und das Zeltlager mit\u00fcbernahm, fand 1994 im B\u00e4rental ein Zeltlager mit 90 Kindern statt. Das Pfingstzeltlager und das darin umgesetzte Programm wurden so beliebt, dass zeitweise sogar mehr als 100 Kinder teilnahmen. Da das Zeltlager durch diese Gruppengr\u00f6\u00dfe allerdings zu unpers\u00f6nlich wirkte und auch etwas vom Gef\u00fchl der Zeltlagergemeinschaft, was diese unvergleichbare Atmosph\u00e4re geschaffen hat, verloren ging, entschied man sich dazu, das Zeltlager auf 60 Kinder zu begrenzen. Leider hat dieser Umstand in einigen Jahren dazu gef\u00fchrt, dass nicht jeder, der mit ins Zeltlager wollte, schlussendlich auch mitfahren konnte. Und da wir uns schwertun, Kindern die Freude auf das Zeltlager zu verderben, dr\u00fccken wir inzwischen bei der Anzahl auch mal ein Auge zu.<\/p>\n<p>1998 wurde die KJG Wullenstetten aufgel\u00f6st. Dennoch waren viele der Gruppenleiter\/-innen weiterhin im Zeltlager als Betreuer t\u00e4tig. Im Jahr 2000 beendete dann das evangelische Jugendwerk seine Tr\u00e4gerschaft, da nur noch wenig Kontakt zwischen dem Zeltlagerteam und dem Jugendwerk bestand. Doch das Zeltlager \u00fcberstand diese Krise ohne Tr\u00e4gerschaft, da das Zeltlagerteam hartn\u00e4ckig f\u00fcr eine Fortf\u00fchrung gearbeitet hat. Seither wird das Zeltlager von der Katholischen Jugendstelle Wei\u00dfenhorn (damals noch Regionalstelle f\u00fcr kirchliche Jugendarbeit Neu-Ulm) getragen. Zus\u00e4tzlich werden wir von der katholischen Pfarrgemeinde Wullenstetten unterst\u00fctzt, die uns die R\u00e4umlichkeiten f\u00fcr unser Material und auch f\u00fcr unsere regelm\u00e4\u00dfigen Treffen zur Verf\u00fcgung stellt. Beiden sind wir sehr dankbar, denn ohne externe Mithilfe w\u00e4re die Jugendarbeit und damit auch unser Zeltlager nur sehr schwierig zu realisieren.<\/p>\n<p>Vieles von unserem Material hat sich im Laufe der Jahre angesammelt. Einiges durch Eigenarbeit und anderes durch Spenden von verschiedensten Personen, Firmen und Gesch\u00e4ften. Auch allen, die so Anteil an dem Werden und Gestalten unseres Zeltlagers gehabt haben, m\u00f6chten wir ein herzliches Vergelt\u2018s Gott sagen! Ohne die Unterst\u00fctzung von Euch Sponsoren und Unterst\u00fctzern w\u00fcrde es uns vermutlich nicht geben. Um euch auch weiterhin ein tolles Zeltlager bieten zu k\u00f6nnen, gehen wir auch jedes Jahr wieder auf Firmen und Gesch\u00e4fte zu. Nat\u00fcrlich sind wir aber auch froh, wenn wir mit dem Angebot, uns zu unterst\u00fctzen, oder mit einem Vorschlag, wie wir das Zeltlager noch weiter ausbauen oder verbessern k\u00f6nnen, angesprochen werden.<\/p>\n<p>Mittlerweile ist das Zeltlagerteam zu einer sich selbst am Leben erhaltenden Gemeinschaft geworden, da sich jedes Jahr aus den Reihen der Kinder neue, begeisterte Jungbetreuer\/-innen heraustun, die das Zeltlager nicht missen m\u00f6chten und es somit weiterf\u00fchren.<\/p>\n<p>Neben dem PFZL gab es \u00fcbrigens bereits zwei Mal ein Pfingstzeltlager allein f\u00fcr Eltern. Diese fanden zwar nicht an Pfingsten statt, dennoch aber mit jeder Menge Spa\u00df und Eltern, die ebenfalls einmal wissen wollten, was im PFZL so alles geboten wird.<\/p>\n<p>Ihr seht also, seit damals hat sich viel getan. Und wir hoffen nat\u00fcrlich, dass sich auch weiterhin viel tut! Jedenfalls geben wir uns jedes Jahr aufs Neue M\u00fche, das PFZL interessant und abwechslungsreich zu gestalten.<\/p>\n<p>Jetzt bleibt nicht mehr viel zu sagen, au\u00dfer: Wir freuen uns auf Dich, wenn es n\u00e4chstes Pfingsten wieder hei\u00dft:<\/p>\n<p style=\"text-align: center; font-variant: small-caps;\">&raquo;Gemeinsam Leben erleben!&laquo;<\/p>\n","protected":false},"excerpt":{"rendered":"<p>Die Urspr\u00fcnge unseres Pfingstzeltlagers liegen jetzt schon ein ganzes St\u00fcck weit zur\u00fcck, n\u00e4mlich bereits im letzten Jahrtausend. Und seither hat sich auch einiges getan! Wer h\u00e4tte denn damals gedacht, dass aus einer kleinen Gruppe, die gemeinsam Zelten ging, ein Zeltlager mit zwischenzeitlich \u00fcber 100 Teilnehmern werden sollte? \u2014 Aber alles der Reihe nach. Im Jahr [&hellip;]<\/p>\n","protected":false},"author":9,"featured_media":0,"parent":109,"menu_order":1,"comment_status":"closed","ping_status":"closed","template":"","meta":{"footnotes":""},"class_list":["post-2620","page","type-page","status-publish","hentry"],"jetpack_shortlink":"https:\/\/wp.me\/P8qkQQ-Gg","jetpack_sharing_enabled":true,"_links":{"self":[{"href":"https:\/\/pfzl.de\/blog\/index.php?rest_route=\/wp\/v2\/pages\/2620","targetHints":{"allow":["GET"]}}],"collection":[{"href":"https:\/\/pfzl.de\/blog\/index.php?rest_route=\/wp\/v2\/pages"}],"about":[{"href":"https:\/\/pfzl.de\/blog\/index.php?rest_route=\/wp\/v2\/types\/page"}],"author":[{"embeddable":true,"href":"https:\/\/pfzl.de\/blog\/index.php?rest_route=\/wp\/v2\/users\/9"}],"replies":[{"embeddable":true,"href":"https:\/\/pfzl.de\/blog\/index.php?rest_route=%2Fwp%2Fv2%2Fcomments&post=2620"}],"version-history":[{"count":4,"href":"https:\/\/pfzl.de\/blog\/index.php?rest_route=\/wp\/v2\/pages\/2620\/revisions"}],"predecessor-version":[{"id":2624,"href":"https:\/\/pfzl.de\/blog\/index.php?rest_route=\/wp\/v2\/pages\/2620\/revisions\/2624"}],"up":[{"embeddable":true,"href":"https:\/\/pfzl.de\/blog\/index.php?rest_route=\/wp\/v2\/pages\/109"}],"wp:attachment":[{"href":"https:\/\/pfzl.de\/blog\/index.php?rest_route=%2Fwp%2Fv2%2Fmedia&parent=2620"}],"curies":[{"name":"wp","href":"https:\/\/api.w.org\/{rel}","templated":true}]}}