{"id":1554,"date":"2012-09-21T11:31:03","date_gmt":"2012-09-21T09:31:03","guid":{"rendered":"http:\/\/pfzl.de\/weblog\/?page_id=1554"},"modified":"2021-05-13T11:59:46","modified_gmt":"2021-05-13T09:59:46","slug":"wegbeschreibung","status":"publish","type":"page","link":"https:\/\/pfzl.de\/blog\/?page_id=1554","title":{"rendered":"Wegbeschreibung"},"content":{"rendered":"<p>Wer nicht so genau wei\u00df, wie er am besten zum <strong>Haus St. Katharina<\/strong> (nahe der Kirche) nach Wullenstetten kommen soll, dem m\u00f6ge hier geholfen werden!<\/p>\n<div style=\"border: 1px solid #99cc34; margin: 20px 0; padding: 10px; text-align: center;\">Haus St. Katharina<br \/>\nEcke Rauthstra\u00dfe \/ Heerstra\u00dfe<br \/>\n89250 Senden-Wullenstetten<\/div>\n<p>Hier gibt&#8217;s noch die passende Karte dazu:<\/p>\n<div class=\"framed-line\">\n<iframe loading=\"lazy\" src=\"https:\/\/www.google.com\/maps\/embed?pb=!1m18!1m12!1m3!1d663.3795384748076!2d10.069784827782353!3d48.31615197923815!2m3!1f0!2f0!3f0!3m2!1i1024!2i768!4f13.1!3m3!1m2!1s0x0%3A0x0!2zNDjCsDE4JzU4LjEiTiAxMMKwMDQnMTMuMiJF!5e0!3m2!1sde!2sde!4v1488188034458\" width=\"448\" height=\"350\" frameborder=\"0\" style=\"border:0\" allowfullscreen><\/iframe>\n<\/div>\n<p>Wer eine Wegbeschreibung zum aktuellen Zeltplatz sucht, dem kann <a href=\"http:\/\/pfzl.de\/blog\/?page_id=109#zeltplatz\">hier<\/a> geholfen werden! \ud83d\ude09<\/p>\n","protected":false},"excerpt":{"rendered":"<p>Wer nicht so genau wei\u00df, wie er am besten zum Haus St. Katharina (nahe der Kirche) nach Wullenstetten kommen soll, dem m\u00f6ge hier geholfen werden! Haus St. Katharina Ecke Rauthstra\u00dfe \/ Heerstra\u00dfe 89250 Senden-Wullenstetten Hier gibt&#8217;s noch die passende Karte dazu: Wer eine Wegbeschreibung zum aktuellen Zeltplatz sucht, dem kann hier geholfen werden! \ud83d\ude09<\/p>\n","protected":false},"author":9,"featured_media":0,"parent":111,"menu_order":3,"comment_status":"closed","ping_status":"closed","template":"","meta":{"footnotes":""},"class_list":["post-1554","page","type-page","status-publish","hentry"],"jetpack_shortlink":"https:\/\/wp.me\/P8qkQQ-p4","jetpack_sharing_enabled":true,"_links":{"self":[{"href":"https:\/\/pfzl.de\/blog\/index.php?rest_route=\/wp\/v2\/pages\/1554","targetHints":{"allow":["GET"]}}],"collection":[{"href":"https:\/\/pfzl.de\/blog\/index.php?rest_route=\/wp\/v2\/pages"}],"about":[{"href":"https:\/\/pfzl.de\/blog\/index.php?rest_route=\/wp\/v2\/types\/page"}],"author":[{"embeddable":true,"href":"https:\/\/pfzl.de\/blog\/index.php?rest_route=\/wp\/v2\/users\/9"}],"replies":[{"embeddable":true,"href":"https:\/\/pfzl.de\/blog\/index.php?rest_route=%2Fwp%2Fv2%2Fcomments&post=1554"}],"version-history":[{"count":35,"href":"https:\/\/pfzl.de\/blog\/index.php?rest_route=\/wp\/v2\/pages\/1554\/revisions"}],"predecessor-version":[{"id":2797,"href":"https:\/\/pfzl.de\/blog\/index.php?rest_route=\/wp\/v2\/pages\/1554\/revisions\/2797"}],"up":[{"embeddable":true,"href":"https:\/\/pfzl.de\/blog\/index.php?rest_route=\/wp\/v2\/pages\/111"}],"wp:attachment":[{"href":"https:\/\/pfzl.de\/blog\/index.php?rest_route=%2Fwp%2Fv2%2Fmedia&parent=1554"}],"curies":[{"name":"wp","href":"https:\/\/api.w.org\/{rel}","templated":true}]}}