{"id":111,"date":"2009-04-13T14:38:26","date_gmt":"2009-04-13T12:38:26","guid":{"rendered":"http:\/\/pfzl.de\/weblog\/?page_id=111"},"modified":"2023-10-02T12:38:20","modified_gmt":"2023-10-02T10:38:20","slug":"kontakt","status":"publish","type":"page","link":"https:\/\/pfzl.de\/blog\/?page_id=111","title":{"rendered":"Kontakt"},"content":{"rendered":"<p>Bei Fragen oder sonstigen Anregungen k\u00f6nnen Sie gerne \u00fcber das unten stehende Formular mit uns in Kontakt treten:<\/p>\n\n<div class=\"wpcf7 no-js\" id=\"wpcf7-f1444-o1\" lang=\"en-US\" dir=\"ltr\" data-wpcf7-id=\"1444\">\n<div class=\"screen-reader-response\"><p role=\"status\" aria-live=\"polite\" aria-atomic=\"true\"><\/p> <ul><\/ul><\/div>\n<form action=\"\/blog\/index.php?rest_route=%2Fwp%2Fv2%2Fpages%2F111#wpcf7-f1444-o1\" method=\"post\" class=\"wpcf7-form init\" aria-label=\"Contact form\" novalidate=\"novalidate\" data-status=\"init\">\n<fieldset class=\"hidden-fields-container\"><input type=\"hidden\" name=\"_wpcf7\" value=\"1444\" \/><input type=\"hidden\" name=\"_wpcf7_version\" value=\"6.1.5\" \/><input type=\"hidden\" name=\"_wpcf7_locale\" value=\"en_US\" \/><input type=\"hidden\" name=\"_wpcf7_unit_tag\" value=\"wpcf7-f1444-o1\" \/><input type=\"hidden\" name=\"_wpcf7_container_post\" value=\"0\" \/><input type=\"hidden\" name=\"_wpcf7_posted_data_hash\" value=\"\" \/>\n<\/fieldset>\n<fieldset>\n\t<legend>Kontakt\n\t<\/legend>\n\t<p><label for=\"your-name\">Ihr Name <small>(Pflichtfeld)<\/small><\/label>\n\t<\/p>\n\t<p><span class=\"wpcf7-form-control-wrap\" data-name=\"your-name\"><input size=\"40\" maxlength=\"400\" class=\"wpcf7-form-control wpcf7-text wpcf7-validates-as-required conforminput\" id=\"your-name\" aria-required=\"true\" aria-invalid=\"false\" value=\"\" type=\"text\" name=\"your-name\" \/><\/span>\n\t<\/p>\n\t<p><label for=\"your-email\">Ihre Email <small>(Pflichtfeld)<\/small><\/label>\n\t<\/p>\n\t<p><span class=\"wpcf7-form-control-wrap\" data-name=\"your-email\"><input size=\"40\" maxlength=\"400\" class=\"wpcf7-form-control wpcf7-email wpcf7-validates-as-required wpcf7-text wpcf7-validates-as-email conforminput\" id=\"your-email\" aria-required=\"true\" aria-invalid=\"false\" value=\"\" type=\"email\" name=\"your-email\" \/><\/span>\n\t<\/p>\n\t<p><label for=\"your-subject\">Betreff <small>(Pflichtfeld)<\/small><\/label>\n\t<\/p>\n\t<p><span class=\"wpcf7-form-control-wrap\" data-name=\"your-subject\"><input size=\"40\" maxlength=\"400\" class=\"wpcf7-form-control wpcf7-text wpcf7-validates-as-required conforminput\" id=\"your-subject\" aria-required=\"true\" aria-invalid=\"false\" value=\"\" type=\"text\" name=\"your-subject\" \/><\/span>\n\t<\/p>\n\t<p><label for=\"your-message\">Ihre Nachricht <small>(Pflichtfeld)<\/small><\/label>\n\t<\/p>\n\t<p><span class=\"wpcf7-form-control-wrap\" data-name=\"your-message\"><textarea cols=\"40\" rows=\"10\" maxlength=\"2000\" class=\"wpcf7-form-control wpcf7-textarea wpcf7-validates-as-required conforminput\" id=\"your-message\" aria-required=\"true\" aria-invalid=\"false\" name=\"your-message\"><\/textarea><\/span>\n\t<\/p>\n\t<p><label for=\"cap\">Captcha <small>(Pflichtfeld)<\/small><br \/>\n<input type=\"hidden\" name=\"_wpcf7_captcha_challenge_captcha-632\" value=\"3912263331\" \/><img loading=\"lazy\" decoding=\"async\" class=\"wpcf7-form-control wpcf7-captchac wpcf7-captcha-captcha-632\" width=\"72\" height=\"24\" alt=\"captcha\" src=\"https:\/\/pfzl.de\/blog\/wp-content\/wpcf7_captcha\/3912263331.png\" \/><\/label>\n\t<\/p>\n\t<p><span class=\"wpcf7-form-control-wrap\" data-name=\"captcha-632\"><input size=\"40\" class=\"wpcf7-form-control wpcf7-captchar conforminput\" id=\"cap\" autocomplete=\"off\" aria-invalid=\"false\" value=\"\" type=\"text\" name=\"captcha-632\" \/><\/span>\n\t<\/p>\n\t<p><input class=\"wpcf7-form-control wpcf7-submit has-spinner\" type=\"submit\" value=\"Senden\" \/>\n\t<\/p>\n<\/fieldset><p style=\"display: none !important;\" class=\"akismet-fields-container\" data-prefix=\"_wpcf7_ak_\"><label>&#916;<textarea name=\"_wpcf7_ak_hp_textarea\" cols=\"45\" rows=\"8\" maxlength=\"100\"><\/textarea><\/label><input type=\"hidden\" id=\"ak_js_1\" name=\"_wpcf7_ak_js\" value=\"219\"\/><script>document.getElementById( \"ak_js_1\" ).setAttribute( \"value\", ( new Date() ).getTime() );<\/script><\/p><div class=\"wpcf7-response-output\" aria-hidden=\"true\"><\/div>\n<\/form>\n<\/div>\n\n<p><!--<small><strong><em>Hinweis:<\/em><\/strong> Von Zeit zu Zeit funktioniert obiges Kontaktformular leider nicht richtig. Falls Sie kurz nach dem Absenden des Formulars keine automatisch versandte E-Mail-Best\u00e4tigung ihrer Nachricht bekommen haben sollten, so k\u00f6nnen Sie dies auf ein Fehlverhalten des Kontaktformulars zur\u00fcckf\u00fchren. Schreiben Sie uns in diesem Fall einfach \u2013 mit einiger Verz\u00f6gerung \u2013 erneut eine Nachricht. Wir bitten um Verst\u00e4ndnis.<\/small>--><\/p>\n","protected":false},"excerpt":{"rendered":"<p>Bei Fragen oder sonstigen Anregungen k\u00f6nnen Sie gerne \u00fcber das unten stehende Formular mit uns in Kontakt treten:<\/p>\n","protected":false},"author":9,"featured_media":0,"parent":0,"menu_order":8,"comment_status":"closed","ping_status":"closed","template":"","meta":{"footnotes":""},"class_list":["post-111","page","type-page","status-publish","hentry"],"jetpack_shortlink":"https:\/\/wp.me\/P8qkQQ-1N","jetpack_sharing_enabled":true,"_links":{"self":[{"href":"https:\/\/pfzl.de\/blog\/index.php?rest_route=\/wp\/v2\/pages\/111","targetHints":{"allow":["GET"]}}],"collection":[{"href":"https:\/\/pfzl.de\/blog\/index.php?rest_route=\/wp\/v2\/pages"}],"about":[{"href":"https:\/\/pfzl.de\/blog\/index.php?rest_route=\/wp\/v2\/types\/page"}],"author":[{"embeddable":true,"href":"https:\/\/pfzl.de\/blog\/index.php?rest_route=\/wp\/v2\/users\/9"}],"replies":[{"embeddable":true,"href":"https:\/\/pfzl.de\/blog\/index.php?rest_route=%2Fwp%2Fv2%2Fcomments&post=111"}],"version-history":[{"count":54,"href":"https:\/\/pfzl.de\/blog\/index.php?rest_route=\/wp\/v2\/pages\/111\/revisions"}],"predecessor-version":[{"id":3917,"href":"https:\/\/pfzl.de\/blog\/index.php?rest_route=\/wp\/v2\/pages\/111\/revisions\/3917"}],"wp:attachment":[{"href":"https:\/\/pfzl.de\/blog\/index.php?rest_route=%2Fwp%2Fv2%2Fmedia&parent=111"}],"curies":[{"name":"wp","href":"https:\/\/api.w.org\/{rel}","templated":true}]}}