{"id":109,"date":"2014-03-31T17:00:12","date_gmt":"2014-03-31T16:00:12","guid":{"rendered":"http:\/\/pfzl.de\/weblog\/?page_id=109"},"modified":"2025-12-15T19:01:23","modified_gmt":"2025-12-15T18:01:23","slug":"infos","status":"publish","type":"page","link":"https:\/\/pfzl.de\/blog\/?page_id=109","title":{"rendered":"Infos"},"content":{"rendered":"<p>Das Pfingstzeltlager 2026 beginnt bereits in 38 Tagen und wir freuen uns schon jetzt wieder riesig darauf! \ud83d\ude09<\/p>\n<p>Auch dieses Mal geschieht die Tr\u00e4gerschaft wieder in Zusammenarbeit mit der \u00bb<a title=\"Katholische Jugendstelle Wei\u00dfenhorn\" href=\"http:\/\/www.regio-neu-ulm.bistum-augsburg.de\" target=\"blank\" rel=\"noopener noreferrer\">Katholischen Jugendstelle Wei\u00dfenhorn<\/a>\u00ab.<\/p>\n<h3>Das PFZL<\/h3>\n<p>Das Pfingstzeltlager ist ein Zeltlager, das von Jugendlichen und jungen Erwachsenen eherenamtlich geleitet und von der Katho\u00adlischen Jugendstelle Wei\u00dfenhorn getragen (<a href=\"http:\/\/www.jugendstelle-weissenhorn.de\" target=\"_blank\">KJW<\/a>) wird. Es bedeutet eine Woche Spiel, Spa\u00df, Selbstst\u00e4ndigkeit und Abenteuer f\u00fcr Kinder zwischen 9 und 14 Jahren ganz unter dem Motto &#8222;Gemeinsam Leben Erleben&#8220;.<\/p>\n<h3 id=\"leitung\">Die Leitung<\/h3>\n<table style=\"width: 100%; margin-top: 15px;\">\n<tbody><!--\n\n\n<tr align=\"center\">\n\n\n<td colspan=\"2\">\n\n\n<div style=\"display: table-cell; vertical-align: middle; border: 1px solid #333; text-align: center; box-shadow: 0px 0px 3px #111;\"><img decoding=\"async\" title=\"Alex &amp; Dennis\" src=\"http:\/\/www.pfzl.de\/blog\/wp-content\/alexdennis2017.jpg\" alt=\"Alex &amp; Dennis\" \/><\/div>\n\n<\/td>\n\n\n<\/tr>\n\n\n--><\/p>\n<tr>\n<td style=\"width: 33%;\" align=\"center\">Katharina H\u00e4u\u00dfler<br \/>\n<i class=\"fa fa-envelope-o \" ><\/i> <a href=\"http:\/\/pfzl.de\/blog\/?page_id=111\">E-Mail<\/a><\/td>\n<td align=\"center\">Elisabeth R\u00f6lle<br \/>\n<i class=\"fa fa-envelope-o \" ><\/i> <a href=\"http:\/\/pfzl.de\/blog\/?page_id=111\">E-Mail<\/a><\/td>\n<td align=\"center\">Marco Pelz<br \/>\n<i class=\"fa fa-envelope-o \" ><\/i> <a href=\"http:\/\/pfzl.de\/blog\/?page_id=111\">E-Mail<\/a><\/td>\n<\/tr>\n<\/tbody>\n<\/table>\n<p><!--\n\n\n<h3 id=\"anmeldung\">Anmeldung<\/h3>\n\n\nHier geht's zur <a href=\"http:\/\/pfzl.de\/blog\/?page_id=3090\">Anmeldung<\/a>.\n\n\n<h3>Teilnehmerbeitrag<\/h3>\n\n\nDie Teilnahme am Pfingstzeltlager kostet 125 \u20ac pro Teilnehmer f\u00fcr eine Woche Unterkunft, Verpflegung und Abenteuer. Die Kosten f\u00fcr das zweite Kind einer Familie betragen 120 \u20ac, f\u00fcr jedes weitere fallen 115 \u20ac an.\n\n--><\/p>\n<h3 id=\"zeltplatz\">Zeltplatz<\/h3>\n<p>Das PFZL 2026 findet dieses Jahr auf dem Zeltplatz &#8222;<a href=\"https:\/\/www.forstbw.de\/erleben-lernen\/waldpaedagogik\/waldjugendzeltplaetze\/26-stockensaegmuehle\" target=\"_blank\" rel=\"noopener noreferrer\">Stockens\u00e4gm\u00fchle<\/a>&#8220; statt. Zuletzt waren wir hier im Jahr 2001 zu Gast.<\/p>\n<p><iframe loading=\"lazy\" style=\"border: 0;\" src=\"https:\/\/www.google.com\/maps\/embed?pb=!1m18!1m12!1m3!1d21073.199624162262!2d10.16132679752275!3d49.00846430222131!2m3!1f0!2f0!3f0!3m2!1i1024!2i768!4f13.1!3m3!1m2!1s0x4798e4768693e3d3%3A0x4784f27d16b5b9d!2sEv.%20Jugendheim%20Stockens%C3%A4gm%C3%BChle!5e1!3m2!1sde!2sde!4v1761066895842!5m2!1sde!2sde\" width=\"450\" height=\"300\" allowfullscreen=\"allowfullscreen\"><\/iframe><\/p>\n<h3>Wegbeschreibung zum Zeltplatz<\/h3>\n<p>Dieses Jahr findet unser Zeltlager auf dem Zeltplatz \u201eStockens\u00e4gm\u00fchle\u201c bei Ellwangen statt.<\/p>\n<p>Der Zeltplatz ist \u00fcber die A7 in Fahrtrichtung Norden zu erreichen. Nehmen Sie die Autobahnausfahrt Ellwangen und folgen Sie anschlie\u00dfend der Beschilderung in Richtung Rattstadt.<br \/>\nIn Rattstadt fahren Sie weiter in Richtung Eigenzell. Nach dem Ortsausgang von Eigenzell erreichen Sie eine Abzweigung Richtung Stocken.<br \/>\nBiegen Sie dort rechts in den Feldweg ab. Ab diesem Punkt folgen Sie bitte den Schildern zum Zeltplatz.<br \/>\nDie Fahrt dauert von Senden aus etwa 60-70 min.<\/p>\n<p><!-- [tba]--><\/p>\n<h3>weitere Informationen<\/h3>\n<p>In einem <a title=\"Hier geht's zum Frage-Antwort-Katalog.\" href=\"http:\/\/pfzl.de\/blog\/?page_id=429\">Frage-Antwort-Katalog<\/a> beantworten wir f\u00fcr Sie Ihre wich\u00adtigs\u00adten Fragen. Dort findet sich u.\u00a0a. auch eine <a href=\"https:\/\/pfzl.de\/blog\/wp-content\/checkliste.pdf\" target=\"_blank\" rel=\"noopener noreferrer\">Packliste<\/a>.<\/p>\n","protected":false},"excerpt":{"rendered":"<p>Hier finden sich s\u00e4mtliches Infos rund um das Zeltlager.<\/p>\n","protected":false},"author":9,"featured_media":0,"parent":0,"menu_order":1,"comment_status":"closed","ping_status":"closed","template":"","meta":{"footnotes":""},"class_list":["post-109","page","type-page","status-publish","hentry"],"jetpack_shortlink":"https:\/\/wp.me\/P8qkQQ-1L","jetpack_sharing_enabled":true,"_links":{"self":[{"href":"https:\/\/pfzl.de\/blog\/index.php?rest_route=\/wp\/v2\/pages\/109","targetHints":{"allow":["GET"]}}],"collection":[{"href":"https:\/\/pfzl.de\/blog\/index.php?rest_route=\/wp\/v2\/pages"}],"about":[{"href":"https:\/\/pfzl.de\/blog\/index.php?rest_route=\/wp\/v2\/types\/page"}],"author":[{"embeddable":true,"href":"https:\/\/pfzl.de\/blog\/index.php?rest_route=\/wp\/v2\/users\/9"}],"replies":[{"embeddable":true,"href":"https:\/\/pfzl.de\/blog\/index.php?rest_route=%2Fwp%2Fv2%2Fcomments&post=109"}],"version-history":[{"count":276,"href":"https:\/\/pfzl.de\/blog\/index.php?rest_route=\/wp\/v2\/pages\/109\/revisions"}],"predecessor-version":[{"id":4106,"href":"https:\/\/pfzl.de\/blog\/index.php?rest_route=\/wp\/v2\/pages\/109\/revisions\/4106"}],"wp:attachment":[{"href":"https:\/\/pfzl.de\/blog\/index.php?rest_route=%2Fwp%2Fv2%2Fmedia&parent=109"}],"curies":[{"name":"wp","href":"https:\/\/api.w.org\/{rel}","templated":true}]}}